{"id":112,"date":"2022-07-07T18:07:52","date_gmt":"2022-07-07T18:07:52","guid":{"rendered":"http:\/\/caravelle.org\/?page_id=112"},"modified":"2024-07-14T12:39:23","modified_gmt":"2024-07-14T12:39:23","slug":"caravelle-residence","status":"publish","type":"page","link":"https:\/\/www.caravelle.org\/","title":{"rendered":"Il relax del Caravelle e la semplicit\u00e0 di una vacanza in famiglia."},"content":{"rendered":"\n<figure class=\"wp-block-image aligncenter size-large\"><a href=\"https:\/\/www.caravelle.org\/wp-content\/uploads\/2022\/07\/cropped-piscina_giardino-73_header_affittacamere.jpg\"><img loading=\"lazy\" decoding=\"async\" width=\"1024\" height=\"576\" src=\"https:\/\/www.caravelle.org\/wp-content\/uploads\/2022\/07\/cropped-piscina_giardino-73_header_affittacamere-1024x576.jpg\" alt=\"\" class=\"wp-image-86\" srcset=\"https:\/\/www.caravelle.org\/wp-content\/uploads\/2022\/07\/cropped-piscina_giardino-73_header_affittacamere-1024x576.jpg 1024w, https:\/\/www.caravelle.org\/wp-content\/uploads\/2022\/07\/cropped-piscina_giardino-73_header_affittacamere-300x169.jpg 300w, https:\/\/www.caravelle.org\/wp-content\/uploads\/2022\/07\/cropped-piscina_giardino-73_header_affittacamere-768x432.jpg 768w, https:\/\/www.caravelle.org\/wp-content\/uploads\/2022\/07\/cropped-piscina_giardino-73_header_affittacamere.jpg 1500w\" sizes=\"auto, (max-width: 1024px) 100vw, 1024px\" \/><\/a><\/figure>\n\n\n\n<p>Soggiorna presso le camere del nostro piccolo residence: sono semplici, dal design minimale, complete di servizi e aria condizionata.<\/p>\n\n\n\n<p>Sono l&#8217;ideale per vacanze in famiglia, con una libert\u00e0 in pi\u00f9: l&#8217;ingresso \u00e8 autonomo.<\/p>\n\n\n\n<p>Durante il periodo d&#8217;apertura dell&#8217;hotel potrai scegliere di usufruire di ogni servizio del Caravelle Thalasso &amp; Wellness (a tariffe convenzionate), come il ristorante, la piscina di acqua di mare e la spiaggia attrezzata, con la convenienza del residence.<\/p>\n\n\n\n<p>La distanza dall&#8217;hotel varia leggermente da una camera all&#8217;altra: da 40 a 60 metri a piedi. Puoi scoprire la disposizione delle camere sulla <a href=\"https:\/\/www.caravelle.org\/?page_id=95\">pagina della mappa<\/a>.<\/p>\n","protected":false},"excerpt":{"rendered":"<p>Soggiorna presso le camere del nostro piccolo residence: sono semplici, dal design minimale, complete di servizi e aria condizionata. Sono l&#8217;ideale per vacanze in famiglia, con una libert\u00e0 in pi\u00f9: l&#8217;ingresso \u00e8 autonomo. Durante il periodo d&#8217;apertura dell&#8217;hotel potrai scegliere di usufruire di ogni servizio del Caravelle Thalasso &amp; Wellness (a tariffe convenzionate), come il [&hellip;]<\/p>\n","protected":false},"author":4,"featured_media":0,"parent":0,"menu_order":0,"comment_status":"closed","ping_status":"closed","template":"page-fullwidth.php","meta":{"footnotes":""},"class_list":["post-112","page","type-page","status-publish","hentry"],"_links":{"self":[{"href":"https:\/\/www.caravelle.org\/index.php?rest_route=\/wp\/v2\/pages\/112","targetHints":{"allow":["GET"]}}],"collection":[{"href":"https:\/\/www.caravelle.org\/index.php?rest_route=\/wp\/v2\/pages"}],"about":[{"href":"https:\/\/www.caravelle.org\/index.php?rest_route=\/wp\/v2\/types\/page"}],"author":[{"embeddable":true,"href":"https:\/\/www.caravelle.org\/index.php?rest_route=\/wp\/v2\/users\/4"}],"replies":[{"embeddable":true,"href":"https:\/\/www.caravelle.org\/index.php?rest_route=%2Fwp%2Fv2%2Fcomments&post=112"}],"version-history":[{"count":10,"href":"https:\/\/www.caravelle.org\/index.php?rest_route=\/wp\/v2\/pages\/112\/revisions"}],"predecessor-version":[{"id":209,"href":"https:\/\/www.caravelle.org\/index.php?rest_route=\/wp\/v2\/pages\/112\/revisions\/209"}],"wp:attachment":[{"href":"https:\/\/www.caravelle.org\/index.php?rest_route=%2Fwp%2Fv2%2Fmedia&parent=112"}],"curies":[{"name":"wp","href":"https:\/\/api.w.org\/{rel}","templated":true}]}}